{"id":68,"date":"2017-03-10T08:24:03","date_gmt":"2017-03-10T08:24:03","guid":{"rendered":"http:\/\/ny-raumservice.de\/?page_id=68"},"modified":"2024-08-21T14:34:57","modified_gmt":"2024-08-21T14:34:57","slug":"firmenvorstellung","status":"publish","type":"page","link":"http:\/\/ny-raumservice.de\/?page_id=68","title":{"rendered":"Firmenvorstellung"},"content":{"rendered":"<p class=\"fFOiLQ _5Ob_nQ fM_HdA upnMoA\">Seit Januar 2016 stehen wir von der NY Raumservice GmbH Ihnen als verl\u00e4sslicher Partner im Handwerksbereich zur Seite. Unsere Firma, mit Sitz in Emden, ist in der gesamten Region Ostfriesland t\u00e4tig und bietet ein breites Spektrum an Dienstleistungen an, die von Innenausbau \u00fcber Malerarbeiten bis hin zu Garten- und Landschaftsbau sowie ganzheitlichen Renovierungen oder Bauleitungen reichen. (Eine \u00dcbersicht unseres Angebots finden Sie unter dem Men\u00fcpunkt &#8222;T\u00e4tigkeiten&#8220;)<\/p>\n<p class=\"fFOiLQ _5Ob_nQ fM_HdA upnMoA\">Unser Team besteht aus Fachkr\u00e4ften, die mit Leidenschaft und Pr\u00e4zision arbeiten. Die Zufriedenheit unserer Kunden steht bei uns an erster Stelle. Daher legen wir gro\u00dfen Wert auf Qualit\u00e4t, Sorgfalt und Zuverl\u00e4ssigkeit bei all unseren Projekten. Egal ob es sich um eine kleine Renovierung oder ein gr\u00f6\u00dferes Bauvorhaben handelt, wir bringen stets unser bestes Handwerk und unsere jahrelange Erfahrung ein, um Ihre W\u00fcnsche und Vorstellungen zu realisieren.<\/p>\n<p class=\"fFOiLQ _5Ob_nQ fM_HdA upnMoA\">Wir laden Sie ein, sich auf unserer Webseite umzusehen und mehr \u00fcber unsere Dienstleistungen zu erfahren. Bei Fragen oder f\u00fcr ein unverbindliches Angebot stehen wir Ihnen jederzeit gerne zur Verf\u00fcgung. Vertrauen Sie auf unsere Kompetenz und lassen Sie uns gemeinsam Ihr n\u00e4chstes Projekt verwirklichen!<\/p>\n<p class=\"fFOiLQ _5Ob_nQ fM_HdA upnMoA\">Wir freuen uns, gemeinsamen mit unseren Mitarbeitern, auf die vielseitige Aufgabe rund um Ihr Haus!<\/p>\n","protected":false},"excerpt":{"rendered":"<p>Seit Januar 2016 stehen wir von der NY Raumservice GmbH Ihnen als verl\u00e4sslicher Partner im Handwerksbereich zur Seite. Unsere Firma, mit Sitz in Emden, ist in der gesamten Region Ostfriesland t\u00e4tig und bietet ein breites Spektrum an Dienstleistungen an, die von Innenausbau \u00fcber Malerarbeiten bis hin zu Garten- und Landschaftsbau sowie ganzheitlichen Renovierungen oder Bauleitungen [&hellip;]<\/p>\n","protected":false},"author":1,"featured_media":0,"parent":0,"menu_order":0,"comment_status":"closed","ping_status":"closed","template":"","meta":{"site-sidebar-layout":"default","site-content-layout":"default","ast-site-content-layout":"default","site-content-style":"default","site-sidebar-style":"default","ast-global-header-display":"","ast-banner-title-visibility":"","ast-main-header-display":"","ast-hfb-above-header-display":"","ast-hfb-below-header-display":"","ast-hfb-mobile-header-display":"","site-post-title":"","ast-breadcrumbs-content":"","ast-featured-img":"","footer-sml-layout":"","theme-transparent-header-meta":"default","adv-header-id-meta":"","stick-header-meta":"","header-above-stick-meta":"","header-main-stick-meta":"","header-below-stick-meta":"","astra-migrate-meta-layouts":"set","ast-page-background-enabled":"default","ast-page-background-meta":{"desktop":{"background-color":"","background-image":"","background-repeat":"repeat","background-position":"center center","background-size":"auto","background-attachment":"scroll","background-type":"","background-media":"","overlay-type":"","overlay-color":"","overlay-opacity":"","overlay-gradient":""},"tablet":{"background-color":"","background-image":"","background-repeat":"repeat","background-position":"center center","background-size":"auto","background-attachment":"scroll","background-type":"","background-media":"","overlay-type":"","overlay-color":"","overlay-opacity":"","overlay-gradient":""},"mobile":{"background-color":"","background-image":"","background-repeat":"repeat","background-position":"center center","background-size":"auto","background-attachment":"scroll","background-type":"","background-media":"","overlay-type":"","overlay-color":"","overlay-opacity":"","overlay-gradient":""}},"ast-content-background-meta":{"desktop":{"background-color":"var(--ast-global-color-5)","background-image":"","background-repeat":"repeat","background-position":"center center","background-size":"auto","background-attachment":"scroll","background-type":"","background-media":"","overlay-type":"","overlay-color":"","overlay-opacity":"","overlay-gradient":""},"tablet":{"background-color":"var(--ast-global-color-5)","background-image":"","background-repeat":"repeat","background-position":"center center","background-size":"auto","background-attachment":"scroll","background-type":"","background-media":"","overlay-type":"","overlay-color":"","overlay-opacity":"","overlay-gradient":""},"mobile":{"background-color":"var(--ast-global-color-5)","background-image":"","background-repeat":"repeat","background-position":"center center","background-size":"auto","background-attachment":"scroll","background-type":"","background-media":"","overlay-type":"","overlay-color":"","overlay-opacity":"","overlay-gradient":""}},"footnotes":""},"class_list":["post-68","page","type-page","status-publish","hentry"],"jetpack_sharing_enabled":true,"_links":{"self":[{"href":"http:\/\/ny-raumservice.de\/index.php?rest_route=\/wp\/v2\/pages\/68","targetHints":{"allow":["GET"]}}],"collection":[{"href":"http:\/\/ny-raumservice.de\/index.php?rest_route=\/wp\/v2\/pages"}],"about":[{"href":"http:\/\/ny-raumservice.de\/index.php?rest_route=\/wp\/v2\/types\/page"}],"author":[{"embeddable":true,"href":"http:\/\/ny-raumservice.de\/index.php?rest_route=\/wp\/v2\/users\/1"}],"replies":[{"embeddable":true,"href":"http:\/\/ny-raumservice.de\/index.php?rest_route=%2Fwp%2Fv2%2Fcomments&post=68"}],"version-history":[{"count":8,"href":"http:\/\/ny-raumservice.de\/index.php?rest_route=\/wp\/v2\/pages\/68\/revisions"}],"predecessor-version":[{"id":253,"href":"http:\/\/ny-raumservice.de\/index.php?rest_route=\/wp\/v2\/pages\/68\/revisions\/253"}],"wp:attachment":[{"href":"http:\/\/ny-raumservice.de\/index.php?rest_route=%2Fwp%2Fv2%2Fmedia&parent=68"}],"curies":[{"name":"wp","href":"https:\/\/api.w.org\/{rel}","templated":true}]}}